{"id":1373,"date":"2021-05-17T09:53:16","date_gmt":"2021-05-17T09:53:16","guid":{"rendered":"http:\/\/ninetheme.com\/themes\/venam\/v1\/?page_id=1373"},"modified":"2025-12-09T18:58:51","modified_gmt":"2025-12-09T16:58:51","slug":"par-uznemumu","status":"publish","type":"page","link":"https:\/\/test.labispecialisti.lv\/en\/par-uznemumu\/","title":{"rendered":"About the company"},"content":{"rendered":"<div data-elementor-type=\"wp-page\" data-elementor-id=\"1373\" class=\"elementor elementor-1373\" data-elementor-post-type=\"page\">\n\t\t\t\t\t\t<div class=\"gap-extended elementor-section elementor-top-section elementor-element elementor-element-0f509b7 elementor-section-content-middle nt-section section-padding elementor-section-boxed elementor-section-height-default elementor-section-height-default\" data-id=\"0f509b7\" data-element_type=\"section\" data-e-type=\"section\">\n\t\t\t\t\t\t<div class=\"elementor-container elementor-column-gap-extended\">\n\t\t\t\t\t<div class=\"elementor-column elementor-col-50 elementor-top-column elementor-element elementor-element-ab613da\" data-id=\"ab613da\" data-element_type=\"column\" data-e-type=\"column\">\n\t\t\t<div class=\"elementor-widget-wrap elementor-element-populated\">\n\t\t\t\t\t\t<div class=\"elementor-element elementor-element-fbe524c elementor-widget elementor-widget-image\" data-id=\"fbe524c\" data-element_type=\"widget\" data-e-type=\"widget\" data-widget_type=\"image.default\">\n\t\t\t\t\t\t\t\t\t\t\t\t\t\t\t<img fetchpriority=\"high\" decoding=\"async\" width=\"1536\" height=\"1024\" src=\"https:\/\/test.labispecialisti.lv\/wp-content\/uploads\/2025\/08\/Par_mums.webp\" class=\"attachment-full size-full wp-image-3259\" alt=\"\" srcset=\"https:\/\/test.labispecialisti.lv\/wp-content\/uploads\/2025\/08\/Par_mums.webp 1536w, https:\/\/test.labispecialisti.lv\/wp-content\/uploads\/2025\/08\/Par_mums-300x200.png 300w, https:\/\/test.labispecialisti.lv\/wp-content\/uploads\/2025\/08\/Par_mums-1024x683.png 1024w, https:\/\/test.labispecialisti.lv\/wp-content\/uploads\/2025\/08\/Par_mums-768x512.png 768w, https:\/\/test.labispecialisti.lv\/wp-content\/uploads\/2025\/08\/Par_mums-18x12.png 18w, https:\/\/test.labispecialisti.lv\/wp-content\/uploads\/2025\/08\/Par_mums-1320x880.png 1320w, https:\/\/test.labispecialisti.lv\/wp-content\/uploads\/2025\/08\/Par_mums-450x300.png 450w, https:\/\/test.labispecialisti.lv\/wp-content\/uploads\/2025\/08\/Par_mums-980x653.png 980w\" sizes=\"(max-width: 1536px) 100vw, 1536px\" \/>\t\t\t\t\t\t\t\t\t\t\t\t\t\t\t<\/div>\n\t\t\t\t\t<\/div>\n\t\t<\/div>\n\t\t\t\t<div class=\"elementor-column elementor-col-50 elementor-top-column elementor-element elementor-element-30ba912\" data-id=\"30ba912\" data-element_type=\"column\" data-e-type=\"column\">\n\t\t\t<div class=\"elementor-widget-wrap elementor-element-populated\">\n\t\t\t\t\t\t<div class=\"elementor-element elementor-element-277c8ec venam-transform transform-type-translate elementor-widget elementor-widget-heading\" data-id=\"277c8ec\" data-element_type=\"widget\" data-e-type=\"widget\" data-widget_type=\"heading.default\">\n\t\t\t\t\t<h3 class=\"elementor-heading-title elementor-size-default\">About us<\/h3>\t\t\t\t<\/div>\n\t\t\t\t<div class=\"elementor-element elementor-element-7a08a1e elementor-widget elementor-widget-text-editor\" data-id=\"7a08a1e\" data-element_type=\"widget\" data-e-type=\"widget\" data-widget_type=\"text-editor.default\">\n\t\t\t\t\t\t\t\t\t<p style=\"text-align: justify;\">\u00a0 \u00a0 <span lang=\"LV\">Our company specialises in providing occupational health and fire safety services, addressing environmental issues and implementing ISO standards. Our main objective is to advise companies on a safe working environment, the importance and benefits of quality management systems, the nature of environmental protection and sustainable planning, providing the necessary documentation in accordance with the law, its binding regulations, international standards.<br \/><\/span><span lang=\"LV\">\u00a0 \u00a0 \u00a0Our business is based on analysing and understanding our clients' needs in order to provide the most effective solutions. Our aim is to ensure that the company's systems work effectively, interacting with employees, existing processes and planned growth.<\/span><\/p>\t\t\t\t\t\t\t\t<\/div>\n\t\t\t\t<div class=\"elementor-element elementor-element-f97dc45 elementor-widget elementor-widget-text-editor\" data-id=\"f97dc45\" data-element_type=\"widget\" data-e-type=\"widget\" data-widget_type=\"text-editor.default\">\n\t\t\t\t\t\t\t\t\t<h4 style=\"text-align: justify;\"><strong><span lang=\"LV\">Our company sells instructions!<\/span><\/strong><\/h4>\t\t\t\t\t\t\t\t<\/div>\n\t\t<div class=\"elementor-element elementor-element-20f8387 e-flex e-con-boxed e-con e-parent\" data-id=\"20f8387\" data-element_type=\"container\" data-e-type=\"container\">\n\t\t\t\t\t<div class=\"e-con-inner\">\n\t\t<div class=\"elementor-element elementor-element-8cb05ba e-con-full unique-card e-flex e-con e-child\" data-id=\"8cb05ba\" data-element_type=\"container\" data-e-type=\"container\">\n\t\t\t\t<div class=\"elementor-element elementor-element-118cc54 elementor-widget__width-initial unique-icon elementor-view-default elementor-widget elementor-widget-icon\" data-id=\"118cc54\" data-element_type=\"widget\" data-e-type=\"widget\" data-widget_type=\"icon.default\">\n\t\t\t\t\t\t\t<div class=\"elementor-icon-wrapper\">\n\t\t\t<div class=\"elementor-icon\">\n\t\t\t<i aria-hidden=\"true\" class=\"venam-icons flaticon-project\"><\/i>\t\t\t<\/div>\n\t\t<\/div>\n\t\t\t\t\t\t<\/div>\n\t\t\t\t<div class=\"elementor-element elementor-element-331e540 elementor-widget__width-initial elementor-widget-mobile__width-initial elementor-widget elementor-widget-counter\" data-id=\"331e540\" data-element_type=\"widget\" data-e-type=\"widget\" data-widget_type=\"counter.default\">\n\t\t\t\t\t\t\t<div class=\"elementor-counter\">\n\t\t\t<div class=\"elementor-counter-title\">developed instructions<\/div>\t\t\t<div class=\"elementor-counter-number-wrapper\">\n\t\t\t\t<span class=\"elementor-counter-number-prefix\"><\/span>\n\t\t\t\t<span class=\"elementor-counter-number\" data-duration=\"2000\" data-to-value=\"300\" data-from-value=\"0\" data-delimiter=\",\">0<\/span>\n\t\t\t\t<span class=\"elementor-counter-number-suffix\">+<\/span>\n\t\t\t<\/div>\n\t\t<\/div>\n\t\t\t\t\t\t<\/div>\n\t\t\t\t<\/div>\n\t\t<div class=\"elementor-element elementor-element-d7ffb43 e-con-full unique-card e-flex e-con e-child\" data-id=\"d7ffb43\" data-element_type=\"container\" data-e-type=\"container\">\n\t\t\t\t<div class=\"elementor-element elementor-element-9930474 elementor-widget__width-initial unique-icon elementor-view-default elementor-widget elementor-widget-icon\" data-id=\"9930474\" data-element_type=\"widget\" data-e-type=\"widget\" data-widget_type=\"icon.default\">\n\t\t\t\t\t\t\t<div class=\"elementor-icon-wrapper\">\n\t\t\t<div class=\"elementor-icon\">\n\t\t\t<i aria-hidden=\"true\" class=\"venam-icons flaticon-done\"><\/i>\t\t\t<\/div>\n\t\t<\/div>\n\t\t\t\t\t\t<\/div>\n\t\t\t\t<div class=\"elementor-element elementor-element-5f45153 elementor-widget__width-initial elementor-widget-mobile__width-initial elementor-widget elementor-widget-counter\" data-id=\"5f45153\" data-element_type=\"widget\" data-e-type=\"widget\" data-widget_type=\"counter.default\">\n\t\t\t\t\t\t\t<div class=\"elementor-counter\">\n\t\t\t<div class=\"elementor-counter-title\">personnel trained<\/div>\t\t\t<div class=\"elementor-counter-number-wrapper\">\n\t\t\t\t<span class=\"elementor-counter-number-prefix\"><\/span>\n\t\t\t\t<span class=\"elementor-counter-number\" data-duration=\"2000\" data-to-value=\"170\" data-from-value=\"0\" data-delimiter=\",\">0<\/span>\n\t\t\t\t<span class=\"elementor-counter-number-suffix\">+<\/span>\n\t\t\t<\/div>\n\t\t<\/div>\n\t\t\t\t\t\t<\/div>\n\t\t\t\t<\/div>\n\t\t<div class=\"elementor-element elementor-element-15c4741 e-con-full unique-card e-flex e-con e-child\" data-id=\"15c4741\" data-element_type=\"container\" data-e-type=\"container\">\n\t\t\t\t<div class=\"elementor-element elementor-element-fbe771a elementor-widget__width-initial unique-icon elementor-view-default elementor-widget elementor-widget-icon\" data-id=\"fbe771a\" data-element_type=\"widget\" data-e-type=\"widget\" data-widget_type=\"icon.default\">\n\t\t\t\t\t\t\t<div class=\"elementor-icon-wrapper\">\n\t\t\t<div class=\"elementor-icon\">\n\t\t\t<i aria-hidden=\"true\" class=\"venam-icons flaticon-quality\"><\/i>\t\t\t<\/div>\n\t\t<\/div>\n\t\t\t\t\t\t<\/div>\n\t\t\t\t<div class=\"elementor-element elementor-element-336c9f7 elementor-widget__width-initial elementor-widget-mobile__width-initial elementor-widget elementor-widget-counter\" data-id=\"336c9f7\" data-element_type=\"widget\" data-e-type=\"widget\" data-widget_type=\"counter.default\">\n\t\t\t\t\t\t\t<div class=\"elementor-counter\">\n\t\t\t<div class=\"elementor-counter-title\">qualified specialists<\/div>\t\t\t<div class=\"elementor-counter-number-wrapper\">\n\t\t\t\t<span class=\"elementor-counter-number-prefix\"><\/span>\n\t\t\t\t<span class=\"elementor-counter-number\" data-duration=\"2000\" data-to-value=\"60\" data-from-value=\"0\" data-delimiter=\",\">0<\/span>\n\t\t\t\t<span class=\"elementor-counter-number-suffix\">+<\/span>\n\t\t\t<\/div>\n\t\t<\/div>\n\t\t\t\t\t\t<\/div>\n\t\t\t\t<\/div>\n\t\t\t\t\t<\/div>\n\t\t\t\t<\/div>\n\t\t\t\t<div class=\"elementor-element elementor-element-e76b69d elementor-widget-divider--view-line elementor-widget elementor-widget-divider\" data-id=\"e76b69d\" data-element_type=\"widget\" data-e-type=\"widget\" data-widget_type=\"divider.default\">\n\t\t\t\t\t\t\t<div class=\"elementor-divider\">\n\t\t\t<span class=\"elementor-divider-separator\">\n\t\t\t\t\t\t<\/span>\n\t\t<\/div>\n\t\t\t\t\t\t<\/div>\n\t\t\t\t\t<\/div>\n\t\t<\/div>\n\t\t\t\t\t<\/div>\n\t\t<\/div>\n\t\t\t\t<div class=\"gap-no elementor-section elementor-top-section elementor-element elementor-element-d137c9d nt-section section-padding pb-0 elementor-section-boxed elementor-section-height-default elementor-section-height-default\" data-id=\"d137c9d\" data-element_type=\"section\" data-e-type=\"section\" data-settings=\"{&quot;background_background&quot;:&quot;classic&quot;}\">\n\t\t\t\t\t\t<div class=\"elementor-container elementor-column-gap-no\">\n\t\t\t\t\t<div class=\"elementor-column elementor-col-100 elementor-top-column elementor-element elementor-element-21b93bd3\" data-id=\"21b93bd3\" data-element_type=\"column\" data-e-type=\"column\">\n\t\t\t<div class=\"elementor-widget-wrap elementor-element-populated\">\n\t\t\t\t\t\t<div class=\"elementor-element elementor-element-80f39f elementor-widget elementor-widget-venam-section-heading\" data-id=\"80f39f\" data-element_type=\"widget\" data-e-type=\"widget\" data-widget_type=\"venam-section-heading.default\">\n\t\t\t\t<div class=\"elementor-widget-container\">\n\t\t\t\t\t<div class=\"section-title hide-separator\"><span class=\"sub-title\">What makes us different? <\/span><h5 class=\"title\">We strive to be with you every step of the way, so that our customers' ratings and accolades are our greatest motivation as we continue to move forward and develop as a company.<\/h5><\/div>\t\t\t\t<\/div>\n\t\t\t\t<\/div>\n\t\t\t\t\t<\/div>\n\t\t<\/div>\n\t\t\t\t\t<\/div>\n\t\t<\/div>\n\t\t<div class=\"elementor-element elementor-element-2291367 e-flex e-con-boxed e-con e-parent\" data-id=\"2291367\" data-element_type=\"container\" data-e-type=\"container\" data-settings=\"{&quot;background_background&quot;:&quot;classic&quot;}\">\n\t\t\t\t\t<div class=\"e-con-inner\">\n\t\t<div class=\"elementor-element elementor-element-4a2e3d8 e-con-full unique-card e-transform e-flex e-con e-child\" data-id=\"4a2e3d8\" data-element_type=\"container\" data-e-type=\"container\" data-settings=\"{&quot;background_background&quot;:&quot;classic&quot;,&quot;_transform_scale_effect_hover&quot;:{&quot;unit&quot;:&quot;px&quot;,&quot;size&quot;:1.02,&quot;sizes&quot;:[]},&quot;_transform_scale_effect_hover_tablet&quot;:{&quot;unit&quot;:&quot;px&quot;,&quot;size&quot;:&quot;&quot;,&quot;sizes&quot;:[]},&quot;_transform_scale_effect_hover_mobile&quot;:{&quot;unit&quot;:&quot;px&quot;,&quot;size&quot;:&quot;&quot;,&quot;sizes&quot;:[]}}\">\n\t\t\t\t<div class=\"elementor-element elementor-element-47ff48b elementor-widget__width-initial unique-icon elementor-view-default elementor-widget elementor-widget-icon\" data-id=\"47ff48b\" data-element_type=\"widget\" data-e-type=\"widget\" data-widget_type=\"icon.default\">\n\t\t\t\t\t\t\t<div class=\"elementor-icon-wrapper\">\n\t\t\t<div class=\"elementor-icon\">\n\t\t\t<i aria-hidden=\"true\" class=\"venam-icons flaticon-shuttle\"><\/i>\t\t\t<\/div>\n\t\t<\/div>\n\t\t\t\t\t\t<\/div>\n\t\t<div class=\"elementor-element elementor-element-45fe02a e-con-full e-flex e-con e-child\" data-id=\"45fe02a\" data-element_type=\"container\" data-e-type=\"container\">\n\t\t\t\t<div class=\"elementor-element elementor-element-6e858e5 elementor-widget__width-initial elementor-widget-mobile__width-initial venam-transform transform-type-translate elementor-widget elementor-widget-heading\" data-id=\"6e858e5\" data-element_type=\"widget\" data-e-type=\"widget\" data-widget_type=\"heading.default\">\n\t\t\t\t\t<h2 class=\"elementor-heading-title elementor-size-default\">\u00a0Professional team<\/h2>\t\t\t\t<\/div>\n\t\t\t\t<div class=\"elementor-element elementor-element-c05d235 elementor-widget elementor-widget-text-editor\" data-id=\"c05d235\" data-element_type=\"widget\" data-e-type=\"widget\" data-widget_type=\"text-editor.default\">\n\t\t\t\t\t\t\t\t\t<p style=\"text-align: justify;\"><span lang=\"LV\">We are proud of our professional team, who are learning and learning new things every day to offer you the best solutions and the highest quality service.<\/span><\/p>\t\t\t\t\t\t\t\t<\/div>\n\t\t\t\t<\/div>\n\t\t\t\t<\/div>\n\t\t<div class=\"elementor-element elementor-element-e8896ba e-con-full unique-card e-transform e-flex e-con e-child\" data-id=\"e8896ba\" data-element_type=\"container\" data-e-type=\"container\" data-settings=\"{&quot;background_background&quot;:&quot;classic&quot;,&quot;_transform_scale_effect_hover&quot;:{&quot;unit&quot;:&quot;px&quot;,&quot;size&quot;:1.02,&quot;sizes&quot;:[]},&quot;_transform_scale_effect_hover_tablet&quot;:{&quot;unit&quot;:&quot;px&quot;,&quot;size&quot;:&quot;&quot;,&quot;sizes&quot;:[]},&quot;_transform_scale_effect_hover_mobile&quot;:{&quot;unit&quot;:&quot;px&quot;,&quot;size&quot;:&quot;&quot;,&quot;sizes&quot;:[]}}\">\n\t\t\t\t<div class=\"elementor-element elementor-element-05d5bea elementor-widget__width-initial unique-icon elementor-view-default elementor-widget elementor-widget-icon\" data-id=\"05d5bea\" data-element_type=\"widget\" data-e-type=\"widget\" data-widget_type=\"icon.default\">\n\t\t\t\t\t\t\t<div class=\"elementor-icon-wrapper\">\n\t\t\t<div class=\"elementor-icon\">\n\t\t\t<i aria-hidden=\"true\" class=\"venam-icons flaticon-password\"><\/i>\t\t\t<\/div>\n\t\t<\/div>\n\t\t\t\t\t\t<\/div>\n\t\t<div class=\"elementor-element elementor-element-f3218db e-con-full e-flex e-con e-child\" data-id=\"f3218db\" data-element_type=\"container\" data-e-type=\"container\">\n\t\t\t\t<div class=\"elementor-element elementor-element-326a5c4 elementor-widget__width-initial venam-transform transform-type-translate elementor-widget elementor-widget-heading\" data-id=\"326a5c4\" data-element_type=\"widget\" data-e-type=\"widget\" data-widget_type=\"heading.default\">\n\t\t\t\t\t<h2 class=\"elementor-heading-title elementor-size-default\">Security<\/h2>\t\t\t\t<\/div>\n\t\t\t\t<div class=\"elementor-element elementor-element-65866ec elementor-widget elementor-widget-text-editor\" data-id=\"65866ec\" data-element_type=\"widget\" data-e-type=\"widget\" data-widget_type=\"text-editor.default\">\n\t\t\t\t\t\t\t\t\t<p style=\"text-align: justify;\"><span class=\"p3-40401136fb6b-span p3-40401136fb6b-text001\">Our company's core value is safety \u2013 a safe surrounding environment and work environment, high <\/span><span class=\"p3-40401136fb6b-span p3-40401136fb6b-text001\">and a sense of security that the company is moving in a safe upward direction. At every stage of the project <\/span><span class=\"p3-40401136fb6b-span p3-40401136fb6b-text001\">we put in all our efforts so that you feel confident in your choice to cooperate with us.<\/span><\/p>\t\t\t\t\t\t\t\t<\/div>\n\t\t\t\t<\/div>\n\t\t\t\t<\/div>\n\t\t<div class=\"elementor-element elementor-element-30d443d e-con-full unique-card e-transform e-flex e-con e-child\" data-id=\"30d443d\" data-element_type=\"container\" data-e-type=\"container\" data-settings=\"{&quot;background_background&quot;:&quot;classic&quot;,&quot;_transform_scale_effect_hover&quot;:{&quot;unit&quot;:&quot;px&quot;,&quot;size&quot;:1.02,&quot;sizes&quot;:[]},&quot;_transform_scale_effect_hover_tablet&quot;:{&quot;unit&quot;:&quot;px&quot;,&quot;size&quot;:&quot;&quot;,&quot;sizes&quot;:[]},&quot;_transform_scale_effect_hover_mobile&quot;:{&quot;unit&quot;:&quot;px&quot;,&quot;size&quot;:&quot;&quot;,&quot;sizes&quot;:[]}}\">\n\t\t\t\t<div class=\"elementor-element elementor-element-b5ab515 elementor-widget__width-initial unique-icon elementor-view-default elementor-widget elementor-widget-icon\" data-id=\"b5ab515\" data-element_type=\"widget\" data-e-type=\"widget\" data-widget_type=\"icon.default\">\n\t\t\t\t\t\t\t<div class=\"elementor-icon-wrapper\">\n\t\t\t<div class=\"elementor-icon\">\n\t\t\t<i aria-hidden=\"true\" class=\"venam-icons flaticon-plus-1\"><\/i>\t\t\t<\/div>\n\t\t<\/div>\n\t\t\t\t\t\t<\/div>\n\t\t<div class=\"elementor-element elementor-element-2721043 e-con-full e-flex e-con e-child\" data-id=\"2721043\" data-element_type=\"container\" data-e-type=\"container\">\n\t\t\t\t<div class=\"elementor-element elementor-element-59c61b9 elementor-widget__width-initial venam-transform transform-type-translate elementor-widget elementor-widget-heading\" data-id=\"59c61b9\" data-element_type=\"widget\" data-e-type=\"widget\" data-widget_type=\"heading.default\">\n\t\t\t\t\t<h2 class=\"elementor-heading-title elementor-size-default\">Your partner<\/h2>\t\t\t\t<\/div>\n\t\t\t\t<div class=\"elementor-element elementor-element-9b175be elementor-widget elementor-widget-text-editor\" data-id=\"9b175be\" data-element_type=\"widget\" data-e-type=\"widget\" data-widget_type=\"text-editor.default\">\n\t\t\t\t\t\t\t\t\t<p style=\"text-align: justify;\"><span class=\"p3-40401136fb6b-span p3-40401136fb6b-text001\">Join us and we will show you the way to an organized and safe business operation. To <\/span><span class=\"p3-40401136fb6b-span p3-40401136fb6b-text001\">start cooperation or learn more about our services, contact us today. <\/span><span class=\"p3-40401136fb6b-span p3-40401136fb6b-text001\">We are ready to be your trusted partner on the road to safety!<\/span><\/p>\t\t\t\t\t\t\t\t<\/div>\n\t\t\t\t<\/div>\n\t\t\t\t<\/div>\n\t\t\t\t\t<\/div>\n\t\t\t\t<\/div>\n\t\t\t\t<section class=\"gap-default elementor-section elementor-top-section elementor-element elementor-element-27ca879 elementor-section-boxed elementor-section-height-default elementor-section-height-default\" data-id=\"27ca879\" data-element_type=\"section\" data-e-type=\"section\">\n\t\t\t\t\t\t<div class=\"elementor-container elementor-column-gap-default\">\n\t\t\t\t\t<div class=\"elementor-column elementor-col-50 elementor-top-column elementor-element elementor-element-54b870c\" data-id=\"54b870c\" data-element_type=\"column\" data-e-type=\"column\">\n\t\t\t<div class=\"elementor-widget-wrap elementor-element-populated\">\n\t\t\t\t\t\t<div class=\"elementor-element elementor-element-a75f210 elementor-widget__width-initial venam-transform transform-type-translate elementor-widget elementor-widget-heading\" data-id=\"a75f210\" data-element_type=\"widget\" data-e-type=\"widget\" data-widget_type=\"heading.default\">\n\t\t\t\t\t<h2 class=\"elementor-heading-title elementor-size-default\">Project implemented with support from the European Union<\/h2>\t\t\t\t<\/div>\n\t\t\t\t<div class=\"elementor-element elementor-element-e55faa6 elementor-widget__width-initial elementor-widget elementor-widget-text-editor\" data-id=\"e55faa6\" data-element_type=\"widget\" data-e-type=\"widget\" data-widget_type=\"text-editor.default\">\n\t\t\t\t\t\t\t\t\t<p>\"Labi speci\u0101listi\" Ltd has successfully implemented a project <strong>\"New company website with e-commerce solution\"<\/strong>aimed at improving the company's sales processes by developing a modern, digitally customised website with e-commerce functionality.<\/p><p>The project was implemented within the <strong>European Union's Recovery Fund (NextGenerationEU)<\/strong> support programme <strong>\"Supporting the digitalisation of processes in business\"<\/strong> .<br \/><strong>Contract:<\/strong><br \/>Investment and Development Agency of Latvia (LIAA)<br \/>Contract No. <strong>9.2-17-L-2025\/771<br \/><\/strong><strong>Key results:<\/strong><br \/>- A modern company website with e-commerce capabilities<br \/>- Improved customer service and sales process<br \/>- Promoting digital growth and competitiveness<br \/><strong>Funding:<\/strong> Support granted <strong>100%<\/strong> of eligible costs.<\/p>\t\t\t\t\t\t\t\t<\/div>\n\t\t\t\t\t<\/div>\n\t\t<\/div>\n\t\t\t\t<div class=\"elementor-column elementor-col-50 elementor-top-column elementor-element elementor-element-e1496cc\" data-id=\"e1496cc\" data-element_type=\"column\" data-e-type=\"column\">\n\t\t\t<div class=\"elementor-widget-wrap elementor-element-populated\">\n\t\t\t\t\t\t<div class=\"elementor-element elementor-element-039f41b elementor-widget__width-initial e-transform elementor-widget elementor-widget-image\" data-id=\"039f41b\" data-element_type=\"widget\" data-e-type=\"widget\" data-settings=\"{&quot;_transform_scale_effect_hover&quot;:{&quot;unit&quot;:&quot;px&quot;,&quot;size&quot;:1.05,&quot;sizes&quot;:[]},&quot;_transform_scale_effect_hover_tablet&quot;:{&quot;unit&quot;:&quot;px&quot;,&quot;size&quot;:&quot;&quot;,&quot;sizes&quot;:[]},&quot;_transform_scale_effect_hover_mobile&quot;:{&quot;unit&quot;:&quot;px&quot;,&quot;size&quot;:&quot;&quot;,&quot;sizes&quot;:[]}}\" data-widget_type=\"image.default\">\n\t\t\t\t\t\t\t\t\t\t\t\t\t\t\t\t<a href=\"https:\/\/www.liaa.gov.lv\/lv\" target=\"_blank\" rel=\"noopener\">\n\t\t\t\t\t\t\t<img decoding=\"async\" width=\"152\" height=\"139\" src=\"https:\/\/test.labispecialisti.lv\/wp-content\/uploads\/2025\/08\/europe_fund-2b439066.png\" class=\"attachment-large size-large wp-image-4225\" alt=\"\" srcset=\"https:\/\/test.labispecialisti.lv\/wp-content\/uploads\/2025\/08\/europe_fund-2b439066.png 152w, https:\/\/test.labispecialisti.lv\/wp-content\/uploads\/2025\/08\/europe_fund-2b439066-13x12.png 13w\" sizes=\"(max-width: 152px) 100vw, 152px\" \/>\t\t\t\t\t\t\t\t<\/a>\n\t\t\t\t\t\t\t\t\t\t\t\t\t\t\t<\/div>\n\t\t\t\t<div class=\"elementor-element elementor-element-e754feb elementor-widget__width-initial e-transform elementor-widget elementor-widget-image\" data-id=\"e754feb\" data-element_type=\"widget\" data-e-type=\"widget\" data-settings=\"{&quot;_transform_scale_effect_hover&quot;:{&quot;unit&quot;:&quot;px&quot;,&quot;size&quot;:1.02,&quot;sizes&quot;:[]},&quot;_transform_scale_effect_hover_tablet&quot;:{&quot;unit&quot;:&quot;px&quot;,&quot;size&quot;:&quot;&quot;,&quot;sizes&quot;:[]},&quot;_transform_scale_effect_hover_mobile&quot;:{&quot;unit&quot;:&quot;px&quot;,&quot;size&quot;:&quot;&quot;,&quot;sizes&quot;:[]}}\" data-widget_type=\"image.default\">\n\t\t\t\t\t\t\t\t\t\t\t\t\t\t\t\t<a href=\"https:\/\/www.liaa.gov.lv\/lv\" target=\"_blank\" rel=\"noopener\">\n\t\t\t\t\t\t\t<img decoding=\"async\" width=\"110\" height=\"139\" src=\"https:\/\/test.labispecialisti.lv\/wp-content\/uploads\/2025\/08\/development_plan-64d0d6e1.png\" class=\"attachment-large size-large wp-image-4224\" alt=\"\" srcset=\"https:\/\/test.labispecialisti.lv\/wp-content\/uploads\/2025\/08\/development_plan-64d0d6e1.png 110w, https:\/\/test.labispecialisti.lv\/wp-content\/uploads\/2025\/08\/development_plan-64d0d6e1-9x12.png 9w\" sizes=\"(max-width: 110px) 100vw, 110px\" \/>\t\t\t\t\t\t\t\t<\/a>\n\t\t\t\t\t\t\t\t\t\t\t\t\t\t\t<\/div>\n\t\t\t\t\t<\/div>\n\t\t<\/div>\n\t\t\t\t\t<\/div>\n\t\t<\/section>\n\t\t\t\t<\/div>","protected":false},"excerpt":{"rendered":"<p>Par mums \u00a0 \u00a0 M\u016bsu uz\u0146\u0113mums specializ\u0113jas darba aizsardz\u012bbas un ugusndro\u0161\u012bbas pakalpojumu snieg\u0161an\u0101, vides aizsardz\u012bbas jaut\u0101jumu risin\u0101\u0161an\u0101 un ISO standartu ievie\u0161an\u0101. M\u016bsu galvenais m\u0113r\u0137is ir konsult\u0113t uz\u0146\u0113mumus par dro\u0161u darba vidi, par kvalit\u0101tes p\u0101rvald\u012bbas sist\u0113mu noz\u012bm\u012bbu un ieguvumiem, k\u0101 ar\u012b vides aizsardz\u012bbas b\u016bt\u012bbu un ilgtsp\u0113j\u012bgu pl\u0101no\u0161anu, nodro\u0161inot nepiecie\u0161amo dokument\u0101ciju saska\u0146\u0101 ar likumiem, to saisto\u0161ajiem noteikumiem,&#8230;<\/p>","protected":false},"author":1,"featured_media":0,"parent":0,"menu_order":0,"comment_status":"closed","ping_status":"closed","template":"","meta":{"footnotes":""},"class_list":{"0":"post-1373","1":"page","2":"type-page","3":"status-publish","4":"hentry","5":"nt-post-class","6":"","7":"thumb-none","9":"excerpt-none"},"_links":{"self":[{"href":"https:\/\/test.labispecialisti.lv\/en\/wp-json\/wp\/v2\/pages\/1373","targetHints":{"allow":["GET"]}}],"collection":[{"href":"https:\/\/test.labispecialisti.lv\/en\/wp-json\/wp\/v2\/pages"}],"about":[{"href":"https:\/\/test.labispecialisti.lv\/en\/wp-json\/wp\/v2\/types\/page"}],"author":[{"embeddable":true,"href":"https:\/\/test.labispecialisti.lv\/en\/wp-json\/wp\/v2\/users\/1"}],"replies":[{"embeddable":true,"href":"https:\/\/test.labispecialisti.lv\/en\/wp-json\/wp\/v2\/comments?post=1373"}],"version-history":[{"count":5,"href":"https:\/\/test.labispecialisti.lv\/en\/wp-json\/wp\/v2\/pages\/1373\/revisions"}],"predecessor-version":[{"id":7250,"href":"https:\/\/test.labispecialisti.lv\/en\/wp-json\/wp\/v2\/pages\/1373\/revisions\/7250"}],"wp:attachment":[{"href":"https:\/\/test.labispecialisti.lv\/en\/wp-json\/wp\/v2\/media?parent=1373"}],"curies":[{"name":"wp","href":"https:\/\/api.w.org\/{rel}","templated":true}]}}